{"id":619,"date":"2022-12-15T10:38:24","date_gmt":"2022-12-15T13:38:24","guid":{"rendered":"https:\/\/www.mctravelbusiness.com\/?page_id=619"},"modified":"2023-02-02T15:44:03","modified_gmt":"2023-02-02T18:44:03","slug":"nosotros","status":"publish","type":"page","link":"https:\/\/www.mctravelbusiness.com\/en\/nosotros\/","title":{"rendered":"Nosotros"},"content":{"rendered":"<div data-elementor-type=\"wp-page\" data-elementor-id=\"619\" class=\"elementor elementor-619\">\n\t\t\t\t\t\t\t\t\t<section class=\"elementor-section elementor-top-section elementor-element elementor-element-197ed8bd elementor-section-height-min-height elementor-section-boxed elementor-section-height-default elementor-section-items-middle\" data-id=\"197ed8bd\" data-element_type=\"section\" data-settings=\"{&quot;background_background&quot;:&quot;classic&quot;}\">\n\t\t\t\t\t\t\t<div class=\"elementor-background-overlay\"><\/div>\n\t\t\t\t\t\t\t<div class=\"elementor-container elementor-column-gap-default\">\n\t\t\t\t\t<div class=\"elementor-column elementor-col-100 elementor-top-column elementor-element elementor-element-63df038f\" data-id=\"63df038f\" data-element_type=\"column\">\n\t\t\t<div class=\"elementor-widget-wrap elementor-element-populated\">\n\t\t\t\t\t\t\t\t<div class=\"elementor-element elementor-element-e5a70bd elementor-widget elementor-widget-heading\" data-id=\"e5a70bd\" data-element_type=\"widget\" data-widget_type=\"heading.default\">\n\t\t\t\t<div class=\"elementor-widget-container\">\n\t\t\t<style>\/*! elementor - v3.11.5 - 14-03-2023 *\/\n.elementor-heading-title{padding:0;margin:0;line-height:1}.elementor-widget-heading .elementor-heading-title[class*=elementor-size-]>a{color:inherit;font-size:inherit;line-height:inherit}.elementor-widget-heading .elementor-heading-title.elementor-size-small{font-size:15px}.elementor-widget-heading .elementor-heading-title.elementor-size-medium{font-size:19px}.elementor-widget-heading .elementor-heading-title.elementor-size-large{font-size:29px}.elementor-widget-heading .elementor-heading-title.elementor-size-xl{font-size:39px}.elementor-widget-heading .elementor-heading-title.elementor-size-xxl{font-size:59px}<\/style><h1 class=\"elementor-heading-title elementor-size-default\">Nosotros<\/h1>\t\t<\/div>\n\t\t\t\t<\/div>\n\t\t\t\t\t<\/div>\n\t\t<\/div>\n\t\t\t\t\t\t\t<\/div>\n\t\t<\/section>\n\t\t\t\t<section class=\"elementor-section elementor-top-section elementor-element elementor-element-134e7945 elementor-section-boxed elementor-section-height-default elementor-section-height-default\" data-id=\"134e7945\" data-element_type=\"section\" data-settings=\"{&quot;background_background&quot;:&quot;classic&quot;}\">\n\t\t\t\t\t\t<div class=\"elementor-container elementor-column-gap-default\">\n\t\t\t\t\t<div class=\"elementor-column elementor-col-50 elementor-top-column elementor-element elementor-element-49917e63\" data-id=\"49917e63\" data-element_type=\"column\">\n\t\t\t<div class=\"elementor-widget-wrap elementor-element-populated\">\n\t\t\t\t\t\t\t\t<div class=\"elementor-element elementor-element-9c5cb10 elementor-widget elementor-widget-heading\" data-id=\"9c5cb10\" data-element_type=\"widget\" data-widget_type=\"heading.default\">\n\t\t\t\t<div class=\"elementor-widget-container\">\n\t\t\t<h5 class=\"elementor-heading-title elementor-size-default\">\u00bfQui\u00e9nes somos?<\/h5>\t\t<\/div>\n\t\t\t\t<\/div>\n\t\t\t\t<div class=\"elementor-element elementor-element-56a25277 elementor-widget elementor-widget-text-editor\" data-id=\"56a25277\" data-element_type=\"widget\" data-widget_type=\"text-editor.default\">\n\t\t\t\t<div class=\"elementor-widget-container\">\n\t\t\t<style>\/*! elementor - v3.11.5 - 14-03-2023 *\/\n.elementor-widget-text-editor.elementor-drop-cap-view-stacked .elementor-drop-cap{background-color:#818a91;color:#fff}.elementor-widget-text-editor.elementor-drop-cap-view-framed .elementor-drop-cap{color:#818a91;border:3px solid;background-color:transparent}.elementor-widget-text-editor:not(.elementor-drop-cap-view-default) .elementor-drop-cap{margin-top:8px}.elementor-widget-text-editor:not(.elementor-drop-cap-view-default) .elementor-drop-cap-letter{width:1em;height:1em}.elementor-widget-text-editor .elementor-drop-cap{float:left;text-align:center;line-height:1;font-size:50px}.elementor-widget-text-editor .elementor-drop-cap-letter{display:inline-block}<\/style>\t\t\t\t<p>Empresa de Viajes y Turismo con sede en Ushuaia, Tierra del Fuego, Argentina.<br \/><br \/>Especialistas en Turismo Ant\u00e1rtico, cruceros de lujo, cient\u00edficos, coordinaci\u00f3n y manejo de grupos.<br \/>Con m\u00e1s de 20 a\u00f1os de trayectoria, garantizando servicios de calidad.<\/p>\t\t\t\t\t\t<\/div>\n\t\t\t\t<\/div>\n\t\t\t\t\t<\/div>\n\t\t<\/div>\n\t\t\t\t<div class=\"elementor-column elementor-col-50 elementor-top-column elementor-element elementor-element-3a70b7a\" data-id=\"3a70b7a\" data-element_type=\"column\" data-settings=\"{&quot;background_background&quot;:&quot;classic&quot;}\">\n\t\t\t<div class=\"elementor-widget-wrap elementor-element-populated\">\n\t\t\t\t\t\t\t\t<div class=\"elementor-element elementor-element-63a2dad elementor-widget elementor-widget-spacer\" data-id=\"63a2dad\" data-element_type=\"widget\" data-widget_type=\"spacer.default\">\n\t\t\t\t<div class=\"elementor-widget-container\">\n\t\t\t<style>\/*! elementor - v3.11.5 - 14-03-2023 *\/\n.elementor-column .elementor-spacer-inner{height:var(--spacer-size)}.e-con{--container-widget-width:100%}.e-con-inner>.elementor-widget-spacer,.e-con>.elementor-widget-spacer{width:var(--container-widget-width,var(--spacer-size));--align-self:var(--container-widget-align-self,initial);--flex-shrink:0}.e-con-inner>.elementor-widget-spacer>.elementor-widget-container,.e-con-inner>.elementor-widget-spacer>.elementor-widget-container>.elementor-spacer,.e-con>.elementor-widget-spacer>.elementor-widget-container,.e-con>.elementor-widget-spacer>.elementor-widget-container>.elementor-spacer{height:100%}.e-con-inner>.elementor-widget-spacer>.elementor-widget-container>.elementor-spacer>.elementor-spacer-inner,.e-con>.elementor-widget-spacer>.elementor-widget-container>.elementor-spacer>.elementor-spacer-inner{height:var(--container-widget-height,var(--spacer-size))}<\/style>\t\t<div class=\"elementor-spacer\">\n\t\t\t<div class=\"elementor-spacer-inner\"><\/div>\n\t\t<\/div>\n\t\t\t\t<\/div>\n\t\t\t\t<\/div>\n\t\t\t\t\t<\/div>\n\t\t<\/div>\n\t\t\t\t\t\t\t<\/div>\n\t\t<\/section>\n\t\t\t\t<section class=\"elementor-section elementor-top-section elementor-element elementor-element-3aa8c06a elementor-section-boxed elementor-section-height-default elementor-section-height-default\" data-id=\"3aa8c06a\" data-element_type=\"section\" data-settings=\"{&quot;background_background&quot;:&quot;classic&quot;}\">\n\t\t\t\t\t\t\t<div class=\"elementor-background-overlay\"><\/div>\n\t\t\t\t\t\t\t<div class=\"elementor-container elementor-column-gap-default\">\n\t\t\t\t\t<div class=\"elementor-column elementor-col-100 elementor-top-column elementor-element elementor-element-69cd3a49\" data-id=\"69cd3a49\" data-element_type=\"column\">\n\t\t\t<div class=\"elementor-widget-wrap elementor-element-populated\">\n\t\t\t\t\t\t\t\t<div class=\"elementor-element elementor-element-524170b6 elementor-widget__width-auto elementor-widget elementor-widget-heading\" data-id=\"524170b6\" data-element_type=\"widget\" data-widget_type=\"heading.default\">\n\t\t\t\t<div class=\"elementor-widget-container\">\n\t\t\t<h2 class=\"elementor-heading-title elementor-size-default\">EQUIPO<\/h2>\t\t<\/div>\n\t\t\t\t<\/div>\n\t\t\t\t<section class=\"elementor-section elementor-inner-section elementor-element elementor-element-5e28f526 elementor-section-boxed elementor-section-height-default elementor-section-height-default\" data-id=\"5e28f526\" data-element_type=\"section\">\n\t\t\t\t\t\t<div class=\"elementor-container elementor-column-gap-default\">\n\t\t\t\t\t<div class=\"elementor-column elementor-col-50 elementor-inner-column elementor-element elementor-element-75cadf4d\" data-id=\"75cadf4d\" data-element_type=\"column\" data-settings=\"{&quot;background_background&quot;:&quot;classic&quot;}\">\n\t\t\t<div class=\"elementor-widget-wrap elementor-element-populated\">\n\t\t\t\t\t\t\t\t<div class=\"elementor-element elementor-element-6b91a7e4 elementor-widget elementor-widget-heading\" data-id=\"6b91a7e4\" data-element_type=\"widget\" data-widget_type=\"heading.default\">\n\t\t\t\t<div class=\"elementor-widget-container\">\n\t\t\t<h4 class=\"elementor-heading-title elementor-size-default\">N\u00e9stor Manzanares<\/h4>\t\t<\/div>\n\t\t\t\t<\/div>\n\t\t\t\t<div class=\"elementor-element elementor-element-11379411 elementor-widget elementor-widget-text-editor\" data-id=\"11379411\" data-element_type=\"widget\" data-widget_type=\"text-editor.default\">\n\t\t\t\t<div class=\"elementor-widget-container\">\n\t\t\t\t\t\t\tSocio-Fundador de Manzanares &#038; Canegallo Travel Business. Con m\u00e1s de 35 a\u00f1os de experiencia en el rubro, comenz\u00f3 con la actividad tur\u00edstica en 1986, dedic\u00e1ndose principalmente a la atenci\u00f3n de pasajeros de cruceros ant\u00e1rticos. Pionero de la actividad tur\u00edstica en el destino Ushuaia.\nExperto en Turismo Receptivo, Atenci\u00f3n al P\u00fablico y Log\u00edstica.\n\t\t\t\t\t\t<\/div>\n\t\t\t\t<\/div>\n\t\t\t\t\t<\/div>\n\t\t<\/div>\n\t\t\t\t<div class=\"elementor-column elementor-col-50 elementor-inner-column elementor-element elementor-element-a29306d\" data-id=\"a29306d\" data-element_type=\"column\" data-settings=\"{&quot;background_background&quot;:&quot;classic&quot;}\">\n\t\t\t<div class=\"elementor-widget-wrap elementor-element-populated\">\n\t\t\t\t\t\t\t\t<div class=\"elementor-element elementor-element-6be72873 elementor-widget elementor-widget-heading\" data-id=\"6be72873\" data-element_type=\"widget\" data-widget_type=\"heading.default\">\n\t\t\t\t<div class=\"elementor-widget-container\">\n\t\t\t<h4 class=\"elementor-heading-title elementor-size-default\">Dario Canegallo<\/h4>\t\t<\/div>\n\t\t\t\t<\/div>\n\t\t\t\t<div class=\"elementor-element elementor-element-60792589 elementor-widget elementor-widget-text-editor\" data-id=\"60792589\" data-element_type=\"widget\" data-widget_type=\"text-editor.default\">\n\t\t\t\t<div class=\"elementor-widget-container\">\n\t\t\t\t\t\t\tSocio-Fundador de Manzanares &#038; Canegallo Travel Business. Con trayectoria de 30 a\u00f1os asistiendo log\u00edstica y operativamente a todo tipo de buque de pasajeros que arriban al puerto de Ushuaia, desde barcos de expedici\u00f3n y cruceros ant\u00e1rticos hasta los grandes cruceros de m\u00e1s de 2600 pasajeros.\nExperto en Turismo Receptivo, Eventos Especiales, Congresos y Atenci\u00f3n de Ch\u00e1rter A\u00e9reos.\nEspecialista en el sector operativo, con conocimiento y experiencia de todos los departamentos que conforman una empresa de viajes y turismo.\t\t\t\t\t\t<\/div>\n\t\t\t\t<\/div>\n\t\t\t\t\t<\/div>\n\t\t<\/div>\n\t\t\t\t\t\t\t<\/div>\n\t\t<\/section>\n\t\t\t\t\t<\/div>\n\t\t<\/div>\n\t\t\t\t\t\t\t<\/div>\n\t\t<\/section>\n\t\t\t\t\t\t\t<\/div>","protected":false},"excerpt":{"rendered":"<p>Nosotros \u00bfQui\u00e9nes somos? Empresa de Viajes y Turismo con sede en Ushuaia, Tierra del Fuego, Argentina. Especialistas en Turismo Ant\u00e1rtico, cruceros de lujo, cient\u00edficos, coordinaci\u00f3n y manejo de grupos.Con m\u00e1s de 20 a\u00f1os de trayectoria, garantizando servicios de calidad. EQUIPO N\u00e9stor Manzanares Socio-Fundador de Manzanares &#038; Canegallo Travel Business. Con m\u00e1s de 35 a\u00f1os de [&hellip;]<\/p>","protected":false},"author":1,"featured_media":0,"parent":0,"menu_order":0,"comment_status":"closed","ping_status":"closed","template":"elementor_header_footer","meta":{"footnotes":""},"class_list":["post-619","page","type-page","status-publish","hentry"],"yoast_head":"<!-- This site is optimized with the Yoast SEO plugin v16.6 - https:\/\/yoast.com\/wordpress\/plugins\/seo\/ -->\n<title>Nosotros - M&amp;C Travel<\/title>\n<meta name=\"robots\" content=\"index, follow, max-snippet:-1, max-image-preview:large, max-video-preview:-1\" \/>\n<link rel=\"canonical\" href=\"https:\/\/www.mctravelbusiness.com\/en\/nosotros\/\" \/>\n<meta property=\"og:locale\" content=\"en_US\" \/>\n<meta property=\"og:type\" content=\"article\" \/>\n<meta property=\"og:title\" content=\"Nosotros - M&amp;C Travel\" \/>\n<meta property=\"og:description\" content=\"Nosotros \u00bfQui\u00e9nes somos? Empresa de Viajes y Turismo con sede en Ushuaia, Tierra del Fuego, Argentina. Especialistas en Turismo Ant\u00e1rtico, cruceros de lujo, cient\u00edficos, coordinaci\u00f3n y manejo de grupos.Con m\u00e1s de 20 a\u00f1os de trayectoria, garantizando servicios de calidad. EQUIPO N\u00e9stor Manzanares Socio-Fundador de Manzanares &#038; Canegallo Travel Business. Con m\u00e1s de 35 a\u00f1os de [&hellip;]\" \/>\n<meta property=\"og:url\" content=\"https:\/\/www.mctravelbusiness.com\/en\/nosotros\/\" \/>\n<meta property=\"og:site_name\" content=\"M&amp;C Travel\" \/>\n<meta property=\"article:modified_time\" content=\"2023-02-02T18:44:03+00:00\" \/>\n<meta name=\"twitter:card\" content=\"summary_large_image\" \/>\n<meta name=\"twitter:label1\" content=\"Est. reading time\" \/>\n\t<meta name=\"twitter:data1\" content=\"1 minute\" \/>\n<script type=\"application\/ld+json\" class=\"yoast-schema-graph\">{\"@context\":\"https:\/\/schema.org\",\"@graph\":[{\"@type\":\"WebSite\",\"@id\":\"https:\/\/www.mctravelbusiness.com\/es_es\/#website\",\"url\":\"https:\/\/www.mctravelbusiness.com\/es_es\/\",\"name\":\"M&amp;C Travel\",\"description\":\"Empresa de Viajes y Turismo\",\"potentialAction\":[{\"@type\":\"SearchAction\",\"target\":{\"@type\":\"EntryPoint\",\"urlTemplate\":\"https:\/\/www.mctravelbusiness.com\/es_es\/?s={search_term_string}\"},\"query-input\":\"required name=search_term_string\"}],\"inLanguage\":\"en-US\"},{\"@type\":\"WebPage\",\"@id\":\"https:\/\/www.mctravelbusiness.com\/es_es\/nosotros\/#webpage\",\"url\":\"https:\/\/www.mctravelbusiness.com\/es_es\/nosotros\/\",\"name\":\"Nosotros - M&amp;C Travel\",\"isPartOf\":{\"@id\":\"https:\/\/www.mctravelbusiness.com\/es_es\/#website\"},\"datePublished\":\"2022-12-15T13:38:24+00:00\",\"dateModified\":\"2023-02-02T18:44:03+00:00\",\"breadcrumb\":{\"@id\":\"https:\/\/www.mctravelbusiness.com\/es_es\/nosotros\/#breadcrumb\"},\"inLanguage\":\"en-US\",\"potentialAction\":[{\"@type\":\"ReadAction\",\"target\":[\"https:\/\/www.mctravelbusiness.com\/es_es\/nosotros\/\"]}]},{\"@type\":\"BreadcrumbList\",\"@id\":\"https:\/\/www.mctravelbusiness.com\/es_es\/nosotros\/#breadcrumb\",\"itemListElement\":[{\"@type\":\"ListItem\",\"position\":1,\"name\":\"Portada\",\"item\":\"https:\/\/www.mctravelbusiness.com\/es_es\/\"},{\"@type\":\"ListItem\",\"position\":2,\"name\":\"Nosotros\"}]}]}<\/script>\n<!-- \/ Yoast SEO plugin. -->","_links":{"self":[{"href":"https:\/\/www.mctravelbusiness.com\/en\/wp-json\/wp\/v2\/pages\/619","targetHints":{"allow":["GET"]}}],"collection":[{"href":"https:\/\/www.mctravelbusiness.com\/en\/wp-json\/wp\/v2\/pages"}],"about":[{"href":"https:\/\/www.mctravelbusiness.com\/en\/wp-json\/wp\/v2\/types\/page"}],"author":[{"embeddable":true,"href":"https:\/\/www.mctravelbusiness.com\/en\/wp-json\/wp\/v2\/users\/1"}],"replies":[{"embeddable":true,"href":"https:\/\/www.mctravelbusiness.com\/en\/wp-json\/wp\/v2\/comments?post=619"}],"version-history":[{"count":16,"href":"https:\/\/www.mctravelbusiness.com\/en\/wp-json\/wp\/v2\/pages\/619\/revisions"}],"predecessor-version":[{"id":923,"href":"https:\/\/www.mctravelbusiness.com\/en\/wp-json\/wp\/v2\/pages\/619\/revisions\/923"}],"wp:attachment":[{"href":"https:\/\/www.mctravelbusiness.com\/en\/wp-json\/wp\/v2\/media?parent=619"}],"curies":[{"name":"wp","href":"https:\/\/api.w.org\/{rel}","templated":true}]}}